{"id":8205,"date":"2022-08-31T22:29:03","date_gmt":"2022-09-01T01:29:03","guid":{"rendered":"https:\/\/maxirubber.com.br\/acao\/?page_id=8205"},"modified":"2022-08-31T22:36:28","modified_gmt":"2022-09-01T01:36:28","slug":"maxi-rubber-2","status":"publish","type":"page","link":"https:\/\/maxirubber.com.br\/acao\/","title":{"rendered":"Maxi Rubber"},"content":{"rendered":"\t\t<div data-elementor-type=\"wp-page\" data-elementor-id=\"8205\" class=\"elementor elementor-8205\" data-elementor-settings=\"[]\">\n\t\t\t\t\t\t\t<div class=\"elementor-section-wrap\">\n\t\t\t\t\t\t\t<section class=\"elementor-section elementor-top-section elementor-element elementor-element-17d8249 elementor-section-boxed elementor-section-height-default elementor-section-height-default\" data-id=\"17d8249\" data-element_type=\"section\" data-settings=\"{&quot;background_background&quot;:&quot;classic&quot;}\">\n\t\t\t\t\t\t<div class=\"elementor-container elementor-column-gap-default\">\n\t\t\t\t\t<div class=\"elementor-column elementor-col-100 elementor-top-column elementor-element elementor-element-3db4869\" data-id=\"3db4869\" data-element_type=\"column\">\n\t\t\t<div class=\"elementor-widget-wrap elementor-element-populated\">\n\t\t\t\t\t\t\t\t<div class=\"elementor-element elementor-element-f2382e8 elementor-widget elementor-widget-image\" data-id=\"f2382e8\" data-element_type=\"widget\" data-widget_type=\"image.default\">\n\t\t\t\t<div class=\"elementor-widget-container\">\n\t\t\t\t\t\t\t\t\t\t\t\t\t\t\t<img width=\"1024\" height=\"475\" src=\"https:\/\/maxirubber.com.br\/acao\/wp-content\/uploads\/2021\/12\/Sorteio-Maxi-Banner-20211221-01-1024x475.png\" class=\"attachment-large size-large\" alt=\"\" loading=\"lazy\" srcset=\"https:\/\/maxirubber.com.br\/acao\/wp-content\/uploads\/2021\/12\/Sorteio-Maxi-Banner-20211221-01-1024x475.png 1024w, https:\/\/maxirubber.com.br\/acao\/wp-content\/uploads\/2021\/12\/Sorteio-Maxi-Banner-20211221-01-300x139.png 300w, https:\/\/maxirubber.com.br\/acao\/wp-content\/uploads\/2021\/12\/Sorteio-Maxi-Banner-20211221-01-768x357.png 768w, https:\/\/maxirubber.com.br\/acao\/wp-content\/uploads\/2021\/12\/Sorteio-Maxi-Banner-20211221-01-830x385.png 830w, https:\/\/maxirubber.com.br\/acao\/wp-content\/uploads\/2021\/12\/Sorteio-Maxi-Banner-20211221-01-230x107.png 230w, https:\/\/maxirubber.com.br\/acao\/wp-content\/uploads\/2021\/12\/Sorteio-Maxi-Banner-20211221-01-350x162.png 350w, https:\/\/maxirubber.com.br\/acao\/wp-content\/uploads\/2021\/12\/Sorteio-Maxi-Banner-20211221-01-480x223.png 480w, https:\/\/maxirubber.com.br\/acao\/wp-content\/uploads\/2021\/12\/Sorteio-Maxi-Banner-20211221-01.png 1077w\" sizes=\"(max-width: 1024px) 100vw, 1024px\" \/>\t\t\t\t\t\t\t\t\t\t\t\t\t\t\t<\/div>\n\t\t\t\t<\/div>\n\t\t\t\t\t<\/div>\n\t\t<\/div>\n\t\t\t\t\t\t\t<\/div>\n\t\t<\/section>\n\t\t\t\t<section class=\"elementor-section elementor-top-section elementor-element elementor-element-dc2dae7 elementor-section-height-min-height elementor-hidden-mobile elementor-section-boxed elementor-section-height-default elementor-section-items-middle\" data-id=\"dc2dae7\" data-element_type=\"section\" data-settings=\"{&quot;background_background&quot;:&quot;classic&quot;}\">\n\t\t\t\t\t\t<div class=\"elementor-container elementor-column-gap-default\">\n\t\t\t\t\t<div class=\"elementor-column elementor-col-100 elementor-top-column elementor-element elementor-element-cf82c16\" data-id=\"cf82c16\" data-element_type=\"column\" data-settings=\"{&quot;background_background&quot;:&quot;classic&quot;}\">\n\t\t\t<div class=\"elementor-widget-wrap elementor-element-populated\">\n\t\t\t\t\t\t\t\t<section class=\"elementor-section elementor-inner-section elementor-element elementor-element-53f43c8 elementor-section-height-min-height elementor-section-boxed elementor-section-height-default\" data-id=\"53f43c8\" data-element_type=\"section\">\n\t\t\t\t\t\t<div class=\"elementor-container elementor-column-gap-default\">\n\t\t\t\t\t<div class=\"elementor-column elementor-col-50 elementor-inner-column elementor-element elementor-element-4149d02\" data-id=\"4149d02\" data-element_type=\"column\">\n\t\t\t<div class=\"elementor-widget-wrap\">\n\t\t\t\t\t\t\t\t\t<\/div>\n\t\t<\/div>\n\t\t\t\t<div class=\"elementor-column elementor-col-50 elementor-inner-column elementor-element elementor-element-e829fff\" data-id=\"e829fff\" data-element_type=\"column\">\n\t\t\t<div class=\"elementor-widget-wrap elementor-element-populated\">\n\t\t\t\t\t\t\t\t<div class=\"elementor-element elementor-element-f661ceb elementor-widget elementor-widget-heading\" data-id=\"f661ceb\" data-element_type=\"widget\" data-widget_type=\"heading.default\">\n\t\t\t\t<div class=\"elementor-widget-container\">\n\t\t\t<h2 class=\"elementor-heading-title elementor-size-default\">Tenha voc\u00ea tamb\u00e9m<\/h2>\t\t<\/div>\n\t\t\t\t<\/div>\n\t\t\t\t<div class=\"elementor-element elementor-element-ca8f305 elementor-widget elementor-widget-heading\" data-id=\"ca8f305\" data-element_type=\"widget\" data-widget_type=\"heading.default\">\n\t\t\t\t<div class=\"elementor-widget-container\">\n\t\t\t<h2 class=\"elementor-heading-title elementor-size-default\">as melhores pistolas do mundo<\/h2>\t\t<\/div>\n\t\t\t\t<\/div>\n\t\t\t\t<div class=\"elementor-element elementor-element-b6a66b4 elementor-mobile-align-center elementor-widget elementor-widget-button\" data-id=\"b6a66b4\" data-element_type=\"widget\" data-widget_type=\"button.default\">\n\t\t\t\t<div class=\"elementor-widget-container\">\n\t\t\t\t\t<div class=\"elementor-button-wrapper\">\n\t\t\t<a href=\"https:\/\/maxirubber.com.br\/acao\/walcom\" class=\"elementor-button-link elementor-button elementor-size-sm\" role=\"button\">\n\t\t\t\t\t\t<span class=\"elementor-button-content-wrapper\">\n\t\t\t\t\t\t<span class=\"elementor-button-text\">Veja todas agora!<\/span>\n\t\t<\/span>\n\t\t\t\t\t<\/a>\n\t\t<\/div>\n\t\t\t\t<\/div>\n\t\t\t\t<\/div>\n\t\t\t\t\t<\/div>\n\t\t<\/div>\n\t\t\t\t\t\t\t<\/div>\n\t\t<\/section>\n\t\t\t\t<div class=\"elementor-element elementor-element-20ec08d elementor-widget elementor-widget-menu-anchor\" data-id=\"20ec08d\" data-element_type=\"widget\" data-widget_type=\"menu-anchor.default\">\n\t\t\t\t<div class=\"elementor-widget-container\">\n\t\t\t\t\t<div id=\"produtos\" class=\"elementor-menu-anchor\"><\/div>\n\t\t\t\t<\/div>\n\t\t\t\t<\/div>\n\t\t\t\t\t<\/div>\n\t\t<\/div>\n\t\t\t\t\t\t\t<\/div>\n\t\t<\/section>\n\t\t\t\t<section class=\"elementor-section elementor-top-section elementor-element elementor-element-21689fa elementor-section-height-min-height elementor-hidden-desktop elementor-hidden-tablet elementor-section-boxed elementor-section-height-default elementor-section-items-middle\" data-id=\"21689fa\" data-element_type=\"section\" data-settings=\"{&quot;background_background&quot;:&quot;classic&quot;}\">\n\t\t\t\t\t\t<div class=\"elementor-container elementor-column-gap-default\">\n\t\t\t\t\t<div class=\"elementor-column elementor-col-100 elementor-top-column elementor-element elementor-element-8ec195f\" data-id=\"8ec195f\" data-element_type=\"column\">\n\t\t\t<div class=\"elementor-widget-wrap elementor-element-populated\">\n\t\t\t\t\t\t\t\t<section class=\"elementor-section elementor-inner-section elementor-element elementor-element-f65facb elementor-section-height-min-height elementor-section-boxed elementor-section-height-default\" data-id=\"f65facb\" data-element_type=\"section\">\n\t\t\t\t\t\t<div class=\"elementor-container elementor-column-gap-default\">\n\t\t\t\t\t<div class=\"elementor-column elementor-col-50 elementor-inner-column elementor-element elementor-element-8933e5e\" data-id=\"8933e5e\" data-element_type=\"column\">\n\t\t\t<div class=\"elementor-widget-wrap elementor-element-populated\">\n\t\t\t\t\t\t\t\t<div class=\"elementor-element elementor-element-411caa4 elementor-widget elementor-widget-image\" data-id=\"411caa4\" data-element_type=\"widget\" data-widget_type=\"image.default\">\n\t\t\t\t<div class=\"elementor-widget-container\">\n\t\t\t\t\t\t\t\t\t\t\t\t\t\t\t<img width=\"656\" height=\"635\" src=\"https:\/\/maxirubber.com.br\/acao\/wp-content\/uploads\/2021\/08\/Maxi-Rubber-Inicio.jpg\" class=\"attachment-large size-large\" alt=\"\" loading=\"lazy\" srcset=\"https:\/\/maxirubber.com.br\/acao\/wp-content\/uploads\/2021\/08\/Maxi-Rubber-Inicio.jpg 656w, https:\/\/maxirubber.com.br\/acao\/wp-content\/uploads\/2021\/08\/Maxi-Rubber-Inicio-300x290.jpg 300w, https:\/\/maxirubber.com.br\/acao\/wp-content\/uploads\/2021\/08\/Maxi-Rubber-Inicio-230x223.jpg 230w, https:\/\/maxirubber.com.br\/acao\/wp-content\/uploads\/2021\/08\/Maxi-Rubber-Inicio-350x339.jpg 350w, https:\/\/maxirubber.com.br\/acao\/wp-content\/uploads\/2021\/08\/Maxi-Rubber-Inicio-480x465.jpg 480w\" sizes=\"(max-width: 656px) 100vw, 656px\" \/>\t\t\t\t\t\t\t\t\t\t\t\t\t\t\t<\/div>\n\t\t\t\t<\/div>\n\t\t\t\t\t<\/div>\n\t\t<\/div>\n\t\t\t\t<div class=\"elementor-column elementor-col-50 elementor-inner-column elementor-element elementor-element-3ccbaa8\" data-id=\"3ccbaa8\" data-element_type=\"column\">\n\t\t\t<div class=\"elementor-widget-wrap elementor-element-populated\">\n\t\t\t\t\t\t\t\t<div class=\"elementor-element elementor-element-7819f99 elementor-widget elementor-widget-heading\" data-id=\"7819f99\" data-element_type=\"widget\" data-widget_type=\"heading.default\">\n\t\t\t\t<div class=\"elementor-widget-container\">\n\t\t\t<h2 class=\"elementor-heading-title elementor-size-default\">Tenha voc\u00ea tamb\u00e9m<\/h2>\t\t<\/div>\n\t\t\t\t<\/div>\n\t\t\t\t<div class=\"elementor-element elementor-element-3952a4f elementor-widget elementor-widget-heading\" data-id=\"3952a4f\" data-element_type=\"widget\" data-widget_type=\"heading.default\">\n\t\t\t\t<div class=\"elementor-widget-container\">\n\t\t\t<h2 class=\"elementor-heading-title elementor-size-default\">as melhores pistolas do mundo<\/h2>\t\t<\/div>\n\t\t\t\t<\/div>\n\t\t\t\t<div class=\"elementor-element elementor-element-4046e20 elementor-mobile-align-center elementor-widget elementor-widget-button\" data-id=\"4046e20\" data-element_type=\"widget\" data-widget_type=\"button.default\">\n\t\t\t\t<div class=\"elementor-widget-container\">\n\t\t\t\t\t<div class=\"elementor-button-wrapper\">\n\t\t\t<a href=\"https:\/\/maxirubber.com.br\/acao\/walcom\" class=\"elementor-button-link elementor-button elementor-size-sm\" role=\"button\">\n\t\t\t\t\t\t<span class=\"elementor-button-content-wrapper\">\n\t\t\t\t\t\t<span class=\"elementor-button-text\">Veja todas agora!<\/span>\n\t\t<\/span>\n\t\t\t\t\t<\/a>\n\t\t<\/div>\n\t\t\t\t<\/div>\n\t\t\t\t<\/div>\n\t\t\t\t\t<\/div>\n\t\t<\/div>\n\t\t\t\t\t\t\t<\/div>\n\t\t<\/section>\n\t\t\t\t<div class=\"elementor-element elementor-element-22ad74b elementor-widget elementor-widget-menu-anchor\" data-id=\"22ad74b\" data-element_type=\"widget\" data-widget_type=\"menu-anchor.default\">\n\t\t\t\t<div class=\"elementor-widget-container\">\n\t\t\t\t\t<div id=\"produtos\" class=\"elementor-menu-anchor\"><\/div>\n\t\t\t\t<\/div>\n\t\t\t\t<\/div>\n\t\t\t\t\t<\/div>\n\t\t<\/div>\n\t\t\t\t\t\t\t<\/div>\n\t\t<\/section>\n\t\t\t\t<section class=\"elementor-section elementor-top-section elementor-element elementor-element-212361d elementor-section-boxed elementor-section-height-default elementor-section-height-default\" data-id=\"212361d\" data-element_type=\"section\">\n\t\t\t\t\t\t<div class=\"elementor-container elementor-column-gap-default\">\n\t\t\t\t\t\t\t\t<\/div>\n\t\t<\/section>\n\t\t\t\t<section class=\"elementor-section elementor-top-section elementor-element elementor-element-e8af192 elementor-section-boxed elementor-section-height-default elementor-section-height-default\" data-id=\"e8af192\" data-element_type=\"section\" data-settings=\"{&quot;background_background&quot;:&quot;classic&quot;}\">\n\t\t\t\t\t\t<div class=\"elementor-container elementor-column-gap-default\">\n\t\t\t\t\t<div class=\"elementor-column elementor-col-100 elementor-top-column elementor-element elementor-element-bc4a0a4\" data-id=\"bc4a0a4\" data-element_type=\"column\">\n\t\t\t<div class=\"elementor-widget-wrap elementor-element-populated\">\n\t\t\t\t\t\t\t\t<div class=\"elementor-element elementor-element-7dc1e33 elementor-shape-circle elementor-grid-0 e-grid-align-center elementor-widget elementor-widget-social-icons\" data-id=\"7dc1e33\" data-element_type=\"widget\" data-widget_type=\"social-icons.default\">\n\t\t\t\t<div class=\"elementor-widget-container\">\n\t\t\t\t\t<div class=\"elementor-social-icons-wrapper elementor-grid\">\n\t\t\t\t\t\t\t<span class=\"elementor-grid-item\">\n\t\t\t\t\t<a class=\"elementor-icon elementor-social-icon elementor-social-icon-instagram elementor-repeater-item-babc3dd\" href=\"https:\/\/www.instagram.com\/maxirubberbr\/\" target=\"_blank\">\n\t\t\t\t\t\t<span class=\"elementor-screen-only\">Instagram<\/span>\n\t\t\t\t\t\t<i class=\"fab fa-instagram\"><\/i>\t\t\t\t\t<\/a>\n\t\t\t\t<\/span>\n\t\t\t\t\t\t\t<span class=\"elementor-grid-item\">\n\t\t\t\t\t<a class=\"elementor-icon elementor-social-icon elementor-social-icon-facebook elementor-repeater-item-2dfa2f7\" href=\"https:\/\/www.facebook.com\/MaxiRubberBrasil\/\" target=\"_blank\">\n\t\t\t\t\t\t<span class=\"elementor-screen-only\">Facebook<\/span>\n\t\t\t\t\t\t<i class=\"fab fa-facebook\"><\/i>\t\t\t\t\t<\/a>\n\t\t\t\t<\/span>\n\t\t\t\t\t\t\t<span class=\"elementor-grid-item\">\n\t\t\t\t\t<a class=\"elementor-icon elementor-social-icon elementor-social-icon-youtube elementor-repeater-item-bc64565\" href=\"https:\/\/www.youtube.com\/channel\/UC2OzymHzBSdk-xqlkX1rFtg\" target=\"_blank\">\n\t\t\t\t\t\t<span class=\"elementor-screen-only\">Youtube<\/span>\n\t\t\t\t\t\t<i class=\"fab fa-youtube\"><\/i>\t\t\t\t\t<\/a>\n\t\t\t\t<\/span>\n\t\t\t\t\t<\/div>\n\t\t\t\t<\/div>\n\t\t\t\t<\/div>\n\t\t\t\t<div class=\"elementor-element elementor-element-3ff63ef elementor-widget elementor-widget-text-editor\" data-id=\"3ff63ef\" data-element_type=\"widget\" data-widget_type=\"text-editor.default\">\n\t\t\t\t<div class=\"elementor-widget-container\">\n\t\t\t\t\t\t\t<p>Promo\u00e7\u00e3o v\u00e1lida de 18\/08\/2021 a 20\/12\/2021 em todo o Brasil. Mais informa\u00e7\u00f5es, condi\u00e7\u00f5es de participa\u00e7\u00e3o, premia\u00e7\u00e3o e Certificados de Autoriza\u00e7\u00e3o<br \/>SECAP\/ME N\u00ba 06.015272\/2021 no link &#8220;Regulamento&#8221; &#8211; Vencedores nos dias 29\/09\/2021, 12\/11\/2021 e 20\/12\/2021<\/p>\t\t\t\t\t\t<\/div>\n\t\t\t\t<\/div>\n\t\t\t\t\t<\/div>\n\t\t<\/div>\n\t\t\t\t\t\t\t<\/div>\n\t\t<\/section>\n\t\t\t\t\t\t<\/div>\n\t\t\t\t\t<\/div>\n\t\t","protected":false},"excerpt":{"rendered":"<p>Tenha voc\u00ea tamb\u00e9m as melhores pistolas do mundo Veja todas agora! Tenha voc\u00ea tamb\u00e9m as melhores pistolas do mundo Veja todas agora! Instagram Facebook Youtube Promo\u00e7\u00e3o v\u00e1lida de 18\/08\/2021 a 20\/12\/2021 em todo o Brasil. Mais informa\u00e7\u00f5es, condi\u00e7\u00f5es de participa\u00e7\u00e3o, premia\u00e7\u00e3o e Certificados de Autoriza\u00e7\u00e3oSECAP\/ME N\u00ba 06.015272\/2021 no link &#8220;Regulamento&#8221; &#8211; Vencedores nos dias 29\/09\/2021, [&hellip;]<\/p>\n","protected":false},"author":1,"featured_media":0,"parent":0,"menu_order":0,"comment_status":"closed","ping_status":"closed","template":"page-templates\/page_front-page.php","meta":[],"_links":{"self":[{"href":"https:\/\/maxirubber.com.br\/acao\/wp-json\/wp\/v2\/pages\/8205"}],"collection":[{"href":"https:\/\/maxirubber.com.br\/acao\/wp-json\/wp\/v2\/pages"}],"about":[{"href":"https:\/\/maxirubber.com.br\/acao\/wp-json\/wp\/v2\/types\/page"}],"author":[{"embeddable":true,"href":"https:\/\/maxirubber.com.br\/acao\/wp-json\/wp\/v2\/users\/1"}],"replies":[{"embeddable":true,"href":"https:\/\/maxirubber.com.br\/acao\/wp-json\/wp\/v2\/comments?post=8205"}],"version-history":[{"count":5,"href":"https:\/\/maxirubber.com.br\/acao\/wp-json\/wp\/v2\/pages\/8205\/revisions"}],"predecessor-version":[{"id":8214,"href":"https:\/\/maxirubber.com.br\/acao\/wp-json\/wp\/v2\/pages\/8205\/revisions\/8214"}],"wp:attachment":[{"href":"https:\/\/maxirubber.com.br\/acao\/wp-json\/wp\/v2\/media?parent=8205"}],"curies":[{"name":"wp","href":"https:\/\/api.w.org\/{rel}","templated":true}]}}